{"id":11,"date":"2019-09-03T13:08:17","date_gmt":"2019-09-03T11:08:17","guid":{"rendered":"http:\/\/casteljaves.com\/?page_id=11"},"modified":"2022-05-03T12:59:40","modified_gmt":"2022-05-03T10:59:40","slug":"presentation","status":"publish","type":"page","link":"https:\/\/casteljaves.com\/index.php\/presentation\/","title":{"rendered":"Pr\u00e9sentation"},"content":{"rendered":"\n<figure class=\"wp-block-image is-resized\"><img loading=\"lazy\" decoding=\"async\" src=\"http:\/\/casteljaves.com\/wp-content\/uploads\/2019\/09\/image.png\" alt=\"\" class=\"wp-image-13\" width=\"644\" height=\"446\" srcset=\"https:\/\/casteljaves.com\/wp-content\/uploads\/2019\/09\/image.png 380w, https:\/\/casteljaves.com\/wp-content\/uploads\/2019\/09\/image-300x208.png 300w\" sizes=\"auto, (max-width: 644px) 100vw, 644px\" \/><figcaption>Cala del Moraig<\/figcaption><\/figure>\n\n\n\n<p>Castel JAVES est une villa de style Finca espagnole, situ\u00e9e en bordure de la r\u00e9serve naturelle du Parque de la Granadella, dans l\u2019Urbanizaci\u00f3n de la Cumbre del Sol qui se situe sur les hauts de Benitachell entre Javea et Moraira, dans la province d\u2019Alicante.<\/p>\n\n\n\n<figure class=\"wp-block-image\"><img loading=\"lazy\" decoding=\"async\" width=\"1024\" height=\"683\" src=\"http:\/\/casteljaves.com\/wp-content\/uploads\/2020\/10\/MG_6872-1-1024x683.jpeg\" alt=\"\" class=\"wp-image-118\" srcset=\"https:\/\/casteljaves.com\/wp-content\/uploads\/2020\/10\/MG_6872-1-1024x683.jpeg 1024w, https:\/\/casteljaves.com\/wp-content\/uploads\/2020\/10\/MG_6872-1-300x200.jpeg 300w, https:\/\/casteljaves.com\/wp-content\/uploads\/2020\/10\/MG_6872-1-768x512.jpeg 768w\" sizes=\"auto, (max-width: 767px) 89vw, (max-width: 1000px) 54vw, (max-width: 1071px) 543px, 580px\" \/><figcaption>Vue Est<\/figcaption><\/figure>\n\n\n\n<p>La Villa quatre fa\u00e7ades est enti\u00e8rement de plein pied et jouit d\u2019un bel am\u00e9nagement confortable. Les int\u00e9rieurs sont tr\u00e8s lumineux et b\u00e9n\u00e9ficient de nombreuses grandes fen\u00eatres. Les \u00e9quipements sont complets et modernes.&nbsp;Les abords ext\u00e9rieurs sont r\u00e9guli\u00e8rement entretenus et les \u00e9quipements ext\u00e9rieurs sont nombreux et confortables.<\/p>\n\n\n\n<p><em><strong>Description Int\u00e9rieure<\/strong><\/em><\/p>\n\n\n\n<figure class=\"wp-block-image\"><img loading=\"lazy\" decoding=\"async\" width=\"768\" height=\"1024\" src=\"http:\/\/casteljaves.com\/wp-content\/uploads\/2019\/12\/IMG_7700-e1576578396420-768x1024.jpg\" alt=\"\" class=\"wp-image-86\" srcset=\"https:\/\/casteljaves.com\/wp-content\/uploads\/2019\/12\/IMG_7700-e1576578396420-768x1024.jpg 768w, https:\/\/casteljaves.com\/wp-content\/uploads\/2019\/12\/IMG_7700-e1576578396420-225x300.jpg 225w\" sizes=\"auto, (max-width: 767px) 89vw, (max-width: 1000px) 54vw, (max-width: 1071px) 543px, 580px\" \/><figcaption>Inspiration Zen<\/figcaption><\/figure>\n\n\n\n<p>La Finca Castel JAVES dispose de toutes les installations de pointe pour un s\u00e9jour d\u2019exception dans la Villa&nbsp;: 1 grande chambre avec un lit double, 2 chambres de deux lits simples, avec un matelas suppl\u00e9mentaire dans chacune des chambres et deux couchages dans un bon canap\u00e9-lit, 2 salles de bain, 2 toilettes, un grand salon, une cuisine, une salle \u00e0 manger, avec une vue imprenable sur le parc et la mer. La villa peut accueillir entre 6 et 10 personnes.<\/p>\n\n\n\n<p>Les \u00e9quipements mis \u00e0 disposition sont d\u00e9taill\u00e9s dans les prochaines pages.<\/p>\n\n\n\n<p>Votre Paradis pour les prochains jours\u2026<br><br><\/p>\n\n\n\n<p><em><strong>Environnement Ext\u00e9rieur<\/strong><\/em><\/p>\n\n\n\n<div class=\"wp-block-image\"><figure class=\"aligncenter size-large\"><img loading=\"lazy\" decoding=\"async\" width=\"1024\" height=\"683\" src=\"http:\/\/casteljaves.com\/wp-content\/uploads\/2020\/11\/MG_6934-correx-ciel-1024x683.jpg\" alt=\"\" class=\"wp-image-144\" srcset=\"https:\/\/casteljaves.com\/wp-content\/uploads\/2020\/11\/MG_6934-correx-ciel-1024x683.jpg 1024w, https:\/\/casteljaves.com\/wp-content\/uploads\/2020\/11\/MG_6934-correx-ciel-300x200.jpg 300w, https:\/\/casteljaves.com\/wp-content\/uploads\/2020\/11\/MG_6934-correx-ciel-768x512.jpg 768w, https:\/\/casteljaves.com\/wp-content\/uploads\/2020\/11\/MG_6934-correx-ciel-1536x1024.jpg 1536w, https:\/\/casteljaves.com\/wp-content\/uploads\/2020\/11\/MG_6934-correx-ciel-2048x1365.jpg 2048w\" sizes=\"auto, (max-width: 767px) 89vw, (max-width: 1000px) 54vw, (max-width: 1071px) 543px, 580px\" \/><figcaption>Vue sur la r\u00e9serve et sur la Mer<\/figcaption><\/figure><\/div>\n\n\n\n<p><strong>Vue sur Mer&nbsp;<\/strong>: Du jardin, nous profitons d\u2019une tr\u00e8s belle vue sur mer au-dessus de la r\u00e9serve Granadella avec en point de mire, si le temps le permet, Ibiza qui est \u00e0 deux heures de bateau. La villa est \u00e0 cinq minutes de la plage Cala Moraig, et l\u2019on b\u00e9n\u00e9ficie d\u2019une vue sur les montagnes aux alentours.<\/p>\n\n\n\n<div class=\"wp-block-image\"><figure class=\"aligncenter\"><img loading=\"lazy\" decoding=\"async\" width=\"1024\" height=\"768\" src=\"http:\/\/casteljaves.com\/wp-content\/uploads\/2019\/12\/IMG_2561-1024x768.jpg\" alt=\"\" class=\"wp-image-56\" srcset=\"https:\/\/casteljaves.com\/wp-content\/uploads\/2019\/12\/IMG_2561-1024x768.jpg 1024w, https:\/\/casteljaves.com\/wp-content\/uploads\/2019\/12\/IMG_2561-300x225.jpg 300w, https:\/\/casteljaves.com\/wp-content\/uploads\/2019\/12\/IMG_2561-768x576.jpg 768w\" sizes=\"auto, (max-width: 767px) 89vw, (max-width: 1000px) 54vw, (max-width: 1071px) 543px, 580px\" \/><figcaption>Parc de la Granadella<\/figcaption><\/figure><\/div>\n\n\n\n<p><strong>R\u00e9serve de Granadella&nbsp;<\/strong>: Le c\u00f4t\u00e9 est de la maison est voisin de la r\u00e9serve naturelle du Parc de la Granadella, pin\u00e8de de 750 hectares d\u00e9clar\u00e9e Zone de Protection Sp\u00e9ciale des Oiseaux.<\/p>\n\n\n\n<div class=\"wp-block-image\"><figure class=\"aligncenter\"><img loading=\"lazy\" decoding=\"async\" width=\"1024\" height=\"768\" src=\"http:\/\/casteljaves.com\/wp-content\/uploads\/2019\/12\/IMG_6179-1024x768.jpg\" alt=\"\" class=\"wp-image-58\" srcset=\"https:\/\/casteljaves.com\/wp-content\/uploads\/2019\/12\/IMG_6179-1024x768.jpg 1024w, https:\/\/casteljaves.com\/wp-content\/uploads\/2019\/12\/IMG_6179-300x225.jpg 300w, https:\/\/casteljaves.com\/wp-content\/uploads\/2019\/12\/IMG_6179-768x576.jpg 768w\" sizes=\"auto, (max-width: 767px) 89vw, (max-width: 1000px) 54vw, (max-width: 1071px) 543px, 580px\" \/><figcaption>Piscine Priv\u00e9e<\/figcaption><\/figure><\/div>\n\n\n\n<p><strong>Piscine Priv\u00e9e&nbsp;<\/strong>: Une grande piscine priv\u00e9e de 10 m\u00e8tres sur 5 avec une entr\u00e9e douce gr\u00e2ce \u00e0 quatre marches.<\/p>\n\n\n\n<p><strong>Huit lits piscines<\/strong> ainsi que les serviettes ad\u00e9quates sont mis \u00e0 disposition.<\/p>\n\n\n\n<p><strong>Terrasses<\/strong>\u00a0: La maison b\u00e9n\u00e9ficie d\u2019une belle terrasse couverte de plus de 35 m2, d\u2019une autre terrasse ensoleill\u00e9e, tout autour de la piscine, d\u2019environ 50 m2, et une terrasse sup\u00e9rieure avec cuisine ext\u00e9rieure, de 30 m2.<\/p>\n\n\n\n<figure class=\"wp-block-image size-large\"><img loading=\"lazy\" decoding=\"async\" width=\"1024\" height=\"768\" src=\"http:\/\/casteljaves.com\/wp-content\/uploads\/2022\/05\/Terrasse-1024x768.jpeg\" alt=\"\" class=\"wp-image-291\" srcset=\"https:\/\/casteljaves.com\/wp-content\/uploads\/2022\/05\/Terrasse-1024x768.jpeg 1024w, https:\/\/casteljaves.com\/wp-content\/uploads\/2022\/05\/Terrasse-300x225.jpeg 300w, https:\/\/casteljaves.com\/wp-content\/uploads\/2022\/05\/Terrasse-768x576.jpeg 768w, https:\/\/casteljaves.com\/wp-content\/uploads\/2022\/05\/Terrasse-1536x1152.jpeg 1536w, https:\/\/casteljaves.com\/wp-content\/uploads\/2022\/05\/Terrasse-2048x1536.jpeg 2048w\" sizes=\"auto, (max-width: 767px) 89vw, (max-width: 1000px) 54vw, (max-width: 1071px) 543px, 580px\" \/><\/figure>\n\n\n\n<div class=\"wp-block-image\"><figure class=\"aligncenter\"><img loading=\"lazy\" decoding=\"async\" width=\"1024\" height=\"683\" src=\"http:\/\/casteljaves.com\/wp-content\/uploads\/2020\/10\/MG_6876-1024x683.jpeg\" alt=\"\" class=\"wp-image-122\" srcset=\"https:\/\/casteljaves.com\/wp-content\/uploads\/2020\/10\/MG_6876-1024x683.jpeg 1024w, https:\/\/casteljaves.com\/wp-content\/uploads\/2020\/10\/MG_6876-300x200.jpeg 300w, https:\/\/casteljaves.com\/wp-content\/uploads\/2020\/10\/MG_6876-768x512.jpeg 768w\" sizes=\"auto, (max-width: 767px) 89vw, (max-width: 1000px) 54vw, (max-width: 1071px) 543px, 580px\" \/><figcaption>Cuisine ext\u00e9rieure<\/figcaption><\/figure><\/div>\n\n\n\n<p><strong>Cuisine Ext\u00e9rieure&nbsp;<\/strong>: Une belle cuisine ext\u00e9rieure \u00e9quip\u00e9e d\u2019une Plancha, d\u2019un Barbecue professionnel au gaz, d\u2019un serpentin pour Paella, d\u2019un frigo et d\u2019un distributeur de gla\u00e7ons.<\/p>\n\n\n\n<figure class=\"wp-block-image size-large\"><img loading=\"lazy\" decoding=\"async\" width=\"768\" height=\"1024\" src=\"http:\/\/casteljaves.com\/wp-content\/uploads\/2020\/11\/IMG_1624-768x1024.jpg\" alt=\"\" class=\"wp-image-155\" srcset=\"https:\/\/casteljaves.com\/wp-content\/uploads\/2020\/11\/IMG_1624-768x1024.jpg 768w, https:\/\/casteljaves.com\/wp-content\/uploads\/2020\/11\/IMG_1624-225x300.jpg 225w, https:\/\/casteljaves.com\/wp-content\/uploads\/2020\/11\/IMG_1624-1152x1536.jpg 1152w, https:\/\/casteljaves.com\/wp-content\/uploads\/2020\/11\/IMG_1624-1536x2048.jpg 1536w, https:\/\/casteljaves.com\/wp-content\/uploads\/2020\/11\/IMG_1624-scaled.jpg 1920w\" sizes=\"auto, (max-width: 767px) 89vw, (max-width: 1000px) 54vw, (max-width: 1071px) 543px, 580px\" \/><\/figure>\n\n\n\n<figure class=\"wp-block-image\"><img loading=\"lazy\" decoding=\"async\" width=\"1024\" height=\"683\" src=\"http:\/\/casteljaves.com\/wp-content\/uploads\/2020\/10\/MG_6859-1024x683.jpeg\" alt=\"\" class=\"wp-image-119\" srcset=\"https:\/\/casteljaves.com\/wp-content\/uploads\/2020\/10\/MG_6859-1024x683.jpeg 1024w, https:\/\/casteljaves.com\/wp-content\/uploads\/2020\/10\/MG_6859-300x200.jpeg 300w, https:\/\/casteljaves.com\/wp-content\/uploads\/2020\/10\/MG_6859-768x512.jpeg 768w\" sizes=\"auto, (max-width: 767px) 89vw, (max-width: 1000px) 54vw, (max-width: 1071px) 543px, 580px\" \/><figcaption>Vue Sud du Jardin<\/figcaption><\/figure>\n\n\n\n<figure class=\"wp-block-image\"><img loading=\"lazy\" decoding=\"async\" width=\"768\" height=\"1024\" src=\"http:\/\/casteljaves.com\/wp-content\/uploads\/2019\/12\/IMG_8308-e1576577877690-768x1024.jpg\" alt=\"\" class=\"wp-image-63\" srcset=\"https:\/\/casteljaves.com\/wp-content\/uploads\/2019\/12\/IMG_8308-e1576577877690-768x1024.jpg 768w, https:\/\/casteljaves.com\/wp-content\/uploads\/2019\/12\/IMG_8308-e1576577877690-225x300.jpg 225w\" sizes=\"auto, (max-width: 767px) 89vw, (max-width: 1000px) 54vw, (max-width: 1071px) 543px, 580px\" \/><figcaption>Vue Ouest du Jardin<\/figcaption><\/figure>\n\n\n\n<p><strong>Environnement<\/strong><\/p>\n\n\n\n<p><strong>Jardin<\/strong>&nbsp;: Un beau jardin entoure la villa avec une pelouse. Le Jardin est plant\u00e9 avec de nombreuses essences de plantes exotiques. La propri\u00e9t\u00e9 est sise sur un terrain d&rsquo;environ 10 ares entour\u00e9 de murs.<\/p>\n\n\n\n<figure class=\"wp-block-image size-large\"><img loading=\"lazy\" decoding=\"async\" width=\"1024\" height=\"683\" src=\"http:\/\/casteljaves.com\/wp-content\/uploads\/2022\/05\/EXT-Voisin-ok-1024x683.jpeg\" alt=\"\" class=\"wp-image-278\" srcset=\"https:\/\/casteljaves.com\/wp-content\/uploads\/2022\/05\/EXT-Voisin-ok-1024x683.jpeg 1024w, https:\/\/casteljaves.com\/wp-content\/uploads\/2022\/05\/EXT-Voisin-ok-300x200.jpeg 300w, https:\/\/casteljaves.com\/wp-content\/uploads\/2022\/05\/EXT-Voisin-ok-768x512.jpeg 768w, https:\/\/casteljaves.com\/wp-content\/uploads\/2022\/05\/EXT-Voisin-ok-1536x1024.jpeg 1536w, https:\/\/casteljaves.com\/wp-content\/uploads\/2022\/05\/EXT-Voisin-ok-2048x1365.jpeg 2048w\" sizes=\"auto, (max-width: 767px) 89vw, (max-width: 1000px) 54vw, (max-width: 1071px) 543px, 580px\" \/><\/figure>\n\n\n\n<figure class=\"wp-block-image\"><img loading=\"lazy\" decoding=\"async\" width=\"1024\" height=\"768\" src=\"http:\/\/casteljaves.com\/wp-content\/uploads\/2019\/12\/IMG_0494-1024x768.jpg\" alt=\"\" class=\"wp-image-82\" srcset=\"https:\/\/casteljaves.com\/wp-content\/uploads\/2019\/12\/IMG_0494-1024x768.jpg 1024w, https:\/\/casteljaves.com\/wp-content\/uploads\/2019\/12\/IMG_0494-300x225.jpg 300w, https:\/\/casteljaves.com\/wp-content\/uploads\/2019\/12\/IMG_0494-768x576.jpg 768w\" sizes=\"auto, (max-width: 767px) 89vw, (max-width: 1000px) 54vw, (max-width: 1071px) 543px, 580px\" \/><figcaption>Cala del Moreig<\/figcaption><\/figure>\n\n\n\n<figure class=\"wp-block-image\"><img loading=\"lazy\" decoding=\"async\" width=\"1024\" height=\"768\" src=\"http:\/\/casteljaves.com\/wp-content\/uploads\/2019\/12\/IMG_6147-1024x768.jpg\" alt=\"\" class=\"wp-image-83\" srcset=\"https:\/\/casteljaves.com\/wp-content\/uploads\/2019\/12\/IMG_6147-1024x768.jpg 1024w, https:\/\/casteljaves.com\/wp-content\/uploads\/2019\/12\/IMG_6147-300x225.jpg 300w, https:\/\/casteljaves.com\/wp-content\/uploads\/2019\/12\/IMG_6147-768x576.jpg 768w\" sizes=\"auto, (max-width: 767px) 89vw, (max-width: 1000px) 54vw, (max-width: 1071px) 543px, 580px\" \/><figcaption>La vida es chula<\/figcaption><\/figure>\n\n\n\n<figure class=\"wp-block-image\"><img loading=\"lazy\" decoding=\"async\" width=\"1024\" height=\"768\" src=\"http:\/\/casteljaves.com\/wp-content\/uploads\/2019\/12\/IMG_7455-1024x768.jpg\" alt=\"\" class=\"wp-image-85\" srcset=\"https:\/\/casteljaves.com\/wp-content\/uploads\/2019\/12\/IMG_7455-1024x768.jpg 1024w, https:\/\/casteljaves.com\/wp-content\/uploads\/2019\/12\/IMG_7455-300x225.jpg 300w, https:\/\/casteljaves.com\/wp-content\/uploads\/2019\/12\/IMG_7455-768x576.jpg 768w\" sizes=\"auto, (max-width: 767px) 89vw, (max-width: 1000px) 54vw, (max-width: 1071px) 543px, 580px\" \/><figcaption>La Cumbre del Sol<\/figcaption><\/figure>\n\n\n\n<figure class=\"wp-block-image size-large\"><img loading=\"lazy\" decoding=\"async\" width=\"1024\" height=\"766\" src=\"http:\/\/casteljaves.com\/wp-content\/uploads\/2020\/11\/Carte-Cumbre-1-1024x766.jpg\" alt=\"\" class=\"wp-image-169\" srcset=\"https:\/\/casteljaves.com\/wp-content\/uploads\/2020\/11\/Carte-Cumbre-1-1024x766.jpg 1024w, https:\/\/casteljaves.com\/wp-content\/uploads\/2020\/11\/Carte-Cumbre-1-300x224.jpg 300w, https:\/\/casteljaves.com\/wp-content\/uploads\/2020\/11\/Carte-Cumbre-1-768x574.jpg 768w, https:\/\/casteljaves.com\/wp-content\/uploads\/2020\/11\/Carte-Cumbre-1.jpg 1332w\" sizes=\"auto, (max-width: 767px) 89vw, (max-width: 1000px) 54vw, (max-width: 1071px) 543px, 580px\" \/><\/figure>\n\n\n\n<figure class=\"wp-block-image size-large\"><img loading=\"lazy\" decoding=\"async\" width=\"1024\" height=\"780\" src=\"http:\/\/casteljaves.com\/wp-content\/uploads\/2022\/05\/Carte-cumbre-del-Sol-1024x780.jpg\" alt=\"\" class=\"wp-image-297\" srcset=\"https:\/\/casteljaves.com\/wp-content\/uploads\/2022\/05\/Carte-cumbre-del-Sol-1024x780.jpg 1024w, https:\/\/casteljaves.com\/wp-content\/uploads\/2022\/05\/Carte-cumbre-del-Sol-300x229.jpg 300w, https:\/\/casteljaves.com\/wp-content\/uploads\/2022\/05\/Carte-cumbre-del-Sol-768x585.jpg 768w, https:\/\/casteljaves.com\/wp-content\/uploads\/2022\/05\/Carte-cumbre-del-Sol-1536x1171.jpg 1536w, https:\/\/casteljaves.com\/wp-content\/uploads\/2022\/05\/Carte-cumbre-del-Sol.jpg 1757w\" sizes=\"auto, (max-width: 767px) 89vw, (max-width: 1000px) 54vw, (max-width: 1071px) 543px, 580px\" \/><\/figure>\n","protected":false},"excerpt":{"rendered":"<p>Castel JAVES est une villa de style Finca espagnole, situ\u00e9e en bordure de la r\u00e9serve naturelle du Parque de la Granadella, dans l\u2019Urbanizaci\u00f3n de la Cumbre del Sol qui se situe sur les hauts de Benitachell entre Javea et Moraira, dans la province d\u2019Alicante. La Villa quatre fa\u00e7ades est enti\u00e8rement de plein pied et jouit &hellip; <\/p>\n<p class=\"link-more\"><a href=\"https:\/\/casteljaves.com\/index.php\/presentation\/\" class=\"more-link\">Continuer la lecture<span class=\"screen-reader-text\"> de &laquo;&nbsp;Pr\u00e9sentation&nbsp;&raquo;<\/span><\/a><\/p>\n","protected":false},"author":1,"featured_media":0,"parent":0,"menu_order":0,"comment_status":"closed","ping_status":"closed","template":"","meta":{"footnotes":""},"class_list":["post-11","page","type-page","status-publish","hentry"],"_links":{"self":[{"href":"https:\/\/casteljaves.com\/index.php\/wp-json\/wp\/v2\/pages\/11","targetHints":{"allow":["GET"]}}],"collection":[{"href":"https:\/\/casteljaves.com\/index.php\/wp-json\/wp\/v2\/pages"}],"about":[{"href":"https:\/\/casteljaves.com\/index.php\/wp-json\/wp\/v2\/types\/page"}],"author":[{"embeddable":true,"href":"https:\/\/casteljaves.com\/index.php\/wp-json\/wp\/v2\/users\/1"}],"replies":[{"embeddable":true,"href":"https:\/\/casteljaves.com\/index.php\/wp-json\/wp\/v2\/comments?post=11"}],"version-history":[{"count":21,"href":"https:\/\/casteljaves.com\/index.php\/wp-json\/wp\/v2\/pages\/11\/revisions"}],"predecessor-version":[{"id":317,"href":"https:\/\/casteljaves.com\/index.php\/wp-json\/wp\/v2\/pages\/11\/revisions\/317"}],"wp:attachment":[{"href":"https:\/\/casteljaves.com\/index.php\/wp-json\/wp\/v2\/media?parent=11"}],"curies":[{"name":"wp","href":"https:\/\/api.w.org\/{rel}","templated":true}]}}