{"id":17,"date":"2019-09-03T13:13:20","date_gmt":"2019-09-03T11:13:20","guid":{"rendered":"http:\/\/casteljaves.com\/?page_id=17"},"modified":"2022-05-03T12:45:43","modified_gmt":"2022-05-03T10:45:43","slug":"itineraires","status":"publish","type":"page","link":"https:\/\/casteljaves.com\/index.php\/itineraires\/","title":{"rendered":"Itin\u00e9raires"},"content":{"rendered":"\n<figure class=\"wp-block-image\"><img loading=\"lazy\" decoding=\"async\" width=\"1024\" height=\"768\" src=\"http:\/\/casteljaves.com\/wp-content\/uploads\/2019\/12\/IMG_2559-1024x768.jpg\" alt=\"\" class=\"wp-image-73\" srcset=\"https:\/\/casteljaves.com\/wp-content\/uploads\/2019\/12\/IMG_2559-1024x768.jpg 1024w, https:\/\/casteljaves.com\/wp-content\/uploads\/2019\/12\/IMG_2559-300x225.jpg 300w, https:\/\/casteljaves.com\/wp-content\/uploads\/2019\/12\/IMG_2559-768x576.jpg 768w\" sizes=\"auto, (max-width: 767px) 89vw, (max-width: 1000px) 54vw, (max-width: 1071px) 543px, 580px\" \/><figcaption>Les chemins de randonn\u00e9e de la r\u00e9serve de la Granadella<\/figcaption><\/figure>\n\n\n\n<p><strong>A partir d\u2019Alicante\u2026+\/- 1h<\/strong><\/p>\n\n\n\n<p>Pour arriver au \u2018Castel JAVES\u2019,&nbsp;<\/p>\n\n\n\n<ul class=\"wp-block-list\"><li>autoroute A7 en direction de Valencia,&nbsp;<\/li><li>+\/- 80 kilom\u00e8tres,&nbsp;<\/li><li>sortie&nbsp; 63, Benissa-Teulada-Gata de Gorgos&nbsp;<\/li><li>puis direction Teulada,&nbsp;<\/li><li>ensuite direction Benitachell,&nbsp;<\/li><li>travers\u00e9e de Benitachell en restant sur la droite<\/li><li>au dernier feu en sortant de Benitachell, \u00e0 droite, en direction de Cumbre del Sol.&nbsp;<\/li><li>toujours tout droit jusqu\u2019\u00e0 l\u2019entr\u00e9e Nord de l\u2019\u2019Urbanizacion Cumbre del Sol\u2019,&nbsp;<\/li><li>La suite vous sera envoy\u00e9e \u00e0 votre r\u00e9servation&#8230;<\/li><\/ul>\n\n\n\n<p>Vous y \u00eates, presque&#8230; !<br><br><\/p>\n\n\n\n<p><strong>A partir de Valence\u2026+\/- 1h15<\/strong><\/p>\n\n\n\n<p>Pour arriver au \u2018Castel JAVES\u2019,&nbsp;<\/p>\n\n\n\n<ul class=\"wp-block-list\"><li>autoroute A7 en direction d\u2019Alicante &#8211; Alacant,&nbsp;<\/li><li>+\/-&nbsp; 100 kilom\u00e8tres,&nbsp;<\/li><li>sortie&nbsp; 62, Ondara-Denia-Javea<\/li><li>puis direction Javea,&nbsp;<\/li><li>direction Benitachell,&nbsp;<\/li><li>au feu en entrant dans Benitachell,, apr\u00e8s le Masymas, vous prenez \u00e0 gauche en direction de Cumbre del Sol.&nbsp;<\/li><li>toujours tout droit jusqu\u2019\u00e0 l\u2019entr\u00e9e Nord de l\u2019\u2019Urbanizacion Cumbre del Sol\u2019,<\/li><li> La suite vous sera envoy\u00e9e \u00e0 votre r\u00e9servation&#8230;<\/li><\/ul>\n\n\n\n<p>Vous y \u00eates, presque&#8230; !<\/p>\n\n\n\n<figure class=\"wp-block-image size-large\"><img loading=\"lazy\" decoding=\"async\" width=\"1024\" height=\"780\" src=\"http:\/\/casteljaves.com\/wp-content\/uploads\/2022\/05\/Carte-cumbre-del-Sol-1024x780.jpg\" alt=\"\" class=\"wp-image-297\" srcset=\"https:\/\/casteljaves.com\/wp-content\/uploads\/2022\/05\/Carte-cumbre-del-Sol-1024x780.jpg 1024w, https:\/\/casteljaves.com\/wp-content\/uploads\/2022\/05\/Carte-cumbre-del-Sol-300x229.jpg 300w, https:\/\/casteljaves.com\/wp-content\/uploads\/2022\/05\/Carte-cumbre-del-Sol-768x585.jpg 768w, https:\/\/casteljaves.com\/wp-content\/uploads\/2022\/05\/Carte-cumbre-del-Sol-1536x1171.jpg 1536w, https:\/\/casteljaves.com\/wp-content\/uploads\/2022\/05\/Carte-cumbre-del-Sol.jpg 1757w\" sizes=\"auto, (max-width: 767px) 89vw, (max-width: 1000px) 54vw, (max-width: 1071px) 543px, 580px\" \/><\/figure>\n","protected":false},"excerpt":{"rendered":"<p>A partir d\u2019Alicante\u2026+\/- 1h Pour arriver au \u2018Castel JAVES\u2019,&nbsp; autoroute A7 en direction de Valencia,&nbsp; +\/- 80 kilom\u00e8tres,&nbsp; sortie&nbsp; 63, Benissa-Teulada-Gata de Gorgos&nbsp; puis direction Teulada,&nbsp; ensuite direction Benitachell,&nbsp; travers\u00e9e de Benitachell en restant sur la droite au dernier feu en sortant de Benitachell, \u00e0 droite, en direction de Cumbre del Sol.&nbsp; toujours tout droit &hellip; <\/p>\n<p class=\"link-more\"><a href=\"https:\/\/casteljaves.com\/index.php\/itineraires\/\" class=\"more-link\">Continuer la lecture<span class=\"screen-reader-text\"> de &laquo;&nbsp;Itin\u00e9raires&nbsp;&raquo;<\/span><\/a><\/p>\n","protected":false},"author":1,"featured_media":0,"parent":0,"menu_order":0,"comment_status":"closed","ping_status":"closed","template":"","meta":{"footnotes":""},"class_list":["post-17","page","type-page","status-publish","hentry"],"_links":{"self":[{"href":"https:\/\/casteljaves.com\/index.php\/wp-json\/wp\/v2\/pages\/17","targetHints":{"allow":["GET"]}}],"collection":[{"href":"https:\/\/casteljaves.com\/index.php\/wp-json\/wp\/v2\/pages"}],"about":[{"href":"https:\/\/casteljaves.com\/index.php\/wp-json\/wp\/v2\/types\/page"}],"author":[{"embeddable":true,"href":"https:\/\/casteljaves.com\/index.php\/wp-json\/wp\/v2\/users\/1"}],"replies":[{"embeddable":true,"href":"https:\/\/casteljaves.com\/index.php\/wp-json\/wp\/v2\/comments?post=17"}],"version-history":[{"count":6,"href":"https:\/\/casteljaves.com\/index.php\/wp-json\/wp\/v2\/pages\/17\/revisions"}],"predecessor-version":[{"id":310,"href":"https:\/\/casteljaves.com\/index.php\/wp-json\/wp\/v2\/pages\/17\/revisions\/310"}],"wp:attachment":[{"href":"https:\/\/casteljaves.com\/index.php\/wp-json\/wp\/v2\/media?parent=17"}],"curies":[{"name":"wp","href":"https:\/\/api.w.org\/{rel}","templated":true}]}}