{"id":20,"date":"2019-09-03T13:30:58","date_gmt":"2019-09-03T11:30:58","guid":{"rendered":"http:\/\/casteljaves.com\/?page_id=20"},"modified":"2022-05-03T13:05:26","modified_gmt":"2022-05-03T11:05:26","slug":"la-vie-au-castel","status":"publish","type":"page","link":"https:\/\/casteljaves.com\/index.php\/la-vie-au-castel\/","title":{"rendered":"La Vie au Castel"},"content":{"rendered":"\n<figure class=\"wp-block-image size-large\"><img loading=\"lazy\" decoding=\"async\" width=\"1024\" height=\"684\" src=\"http:\/\/casteljaves.com\/wp-content\/uploads\/2021\/05\/Cumbre-Grille-sans-numero-Correx-1024x684.jpg\" alt=\"\" class=\"wp-image-249\" srcset=\"https:\/\/casteljaves.com\/wp-content\/uploads\/2021\/05\/Cumbre-Grille-sans-numero-Correx-1024x684.jpg 1024w, https:\/\/casteljaves.com\/wp-content\/uploads\/2021\/05\/Cumbre-Grille-sans-numero-Correx-300x200.jpg 300w, https:\/\/casteljaves.com\/wp-content\/uploads\/2021\/05\/Cumbre-Grille-sans-numero-Correx-768x513.jpg 768w, https:\/\/casteljaves.com\/wp-content\/uploads\/2021\/05\/Cumbre-Grille-sans-numero-Correx-1536x1026.jpg 1536w, https:\/\/casteljaves.com\/wp-content\/uploads\/2021\/05\/Cumbre-Grille-sans-numero-Correx-2048x1368.jpg 2048w\" sizes=\"auto, (max-width: 767px) 89vw, (max-width: 1000px) 54vw, (max-width: 1071px) 543px, 580px\" \/><figcaption><em>Portail d&rsquo;entr\u00e9e<\/em><\/figcaption><\/figure>\n\n\n\n<p><\/p>\n\n\n\n<p>Toutes les fen\u00eatres sont munies de moustiquaires, m\u00eame s\u2019il n\u2019y a pas \u00e9norm\u00e9ment de moustiques, nous vous conseillons de les laisser toujours baiss\u00e9s et de fermer la porte-fen\u00eatre centrale d\u00e8s le d\u00e9but de soir\u00e9e.<\/p>\n\n\n\n<p class=\"has-medium-font-size\"><strong>Chambres<\/strong>&nbsp;<\/p>\n\n\n\n<p>A votre arriv\u00e9e, les lits sont faits avec 2 oreillers diff\u00e9rents. Vous trouverez sur chaque lit, les essuies piscine brod\u00e9s et un set de 2 essuies de douche brod\u00e9s par personne (un grand, un petit). Si vous avez les cheveux color\u00e9s, merci d\u2019utiliser d\u2019anciens essuies gliss\u00e9s dans les armoires de salle-de-bain.<\/p>\n\n\n\n<p>Si vous restez une semaine, nous mettons \u00e0 votre disposition lave-linge et s\u00e8che-linge. Si par contre, vous restez 2 semaines ou plus, n\u2019h\u00e9sitez pas \u00e0 nous demander le passage de nos femmes de m\u00e9nage.<\/p>\n\n\n\n<p><em><strong>Kerala<\/strong><\/em><\/p>\n\n\n\n<div class=\"wp-block-image\"><figure class=\"aligncenter size-large\"><img loading=\"lazy\" decoding=\"async\" width=\"1024\" height=\"683\" src=\"http:\/\/casteljaves.com\/wp-content\/uploads\/2020\/11\/MG_6980-kerala-correx-1-1024x683.jpg\" alt=\"\" class=\"wp-image-150\" srcset=\"https:\/\/casteljaves.com\/wp-content\/uploads\/2020\/11\/MG_6980-kerala-correx-1-1024x683.jpg 1024w, https:\/\/casteljaves.com\/wp-content\/uploads\/2020\/11\/MG_6980-kerala-correx-1-300x200.jpg 300w, https:\/\/casteljaves.com\/wp-content\/uploads\/2020\/11\/MG_6980-kerala-correx-1-768x512.jpg 768w, https:\/\/casteljaves.com\/wp-content\/uploads\/2020\/11\/MG_6980-kerala-correx-1-1536x1024.jpg 1536w, https:\/\/casteljaves.com\/wp-content\/uploads\/2020\/11\/MG_6980-kerala-correx-1-2048x1365.jpg 2048w\" sizes=\"auto, (max-width: 767px) 89vw, (max-width: 1000px) 54vw, (max-width: 1071px) 543px, 580px\" \/><figcaption>Chambre de la suite Kerala<\/figcaption><\/figure><\/div>\n\n\n\n<p>Suite parentale dans les tons blancs, orient\u00e9e ouest, avec un lit double de 180&#215;200 et b\u00e9n\u00e9ficiant d\u2019armoires encastr\u00e9es, d&rsquo;un petit hall de nuit et d&rsquo;une grande salle de bain attenante.<\/p>\n\n\n\n<p><em><strong>Ja\u00efpur<\/strong><\/em><\/p>\n\n\n\n<div class=\"wp-block-image\"><figure class=\"aligncenter size-large\"><img loading=\"lazy\" decoding=\"async\" width=\"1024\" height=\"683\" src=\"http:\/\/casteljaves.com\/wp-content\/uploads\/2020\/11\/MG_6946-correx-1024x683.jpg\" alt=\"\" class=\"wp-image-167\" srcset=\"https:\/\/casteljaves.com\/wp-content\/uploads\/2020\/11\/MG_6946-correx-1024x683.jpg 1024w, https:\/\/casteljaves.com\/wp-content\/uploads\/2020\/11\/MG_6946-correx-300x200.jpg 300w, https:\/\/casteljaves.com\/wp-content\/uploads\/2020\/11\/MG_6946-correx-768x512.jpg 768w, https:\/\/casteljaves.com\/wp-content\/uploads\/2020\/11\/MG_6946-correx-1536x1024.jpg 1536w, https:\/\/casteljaves.com\/wp-content\/uploads\/2020\/11\/MG_6946-correx-2048x1365.jpg 2048w\" sizes=\"auto, (max-width: 767px) 89vw, (max-width: 1000px) 54vw, (max-width: 1071px) 543px, 580px\" \/><figcaption>Chambre Ja\u00efpur<\/figcaption><\/figure><\/div>\n\n\n\n<p>Chambre spacieuse dans les tons nacre argent\u00e9e, orient\u00e9e nord, avec deux lits simple de 90&#215;200 pouvant \u00eatre reli\u00e9s afin d\u2019en faire un lit double, et de grandes armoires encastr\u00e9es.&nbsp;<\/p>\n\n\n\n<p>Les draps sont blancs en coton Percale avec une ligne grise.&nbsp;<\/p>\n\n\n\n<p><em><strong>Himalaya<\/strong><\/em><\/p>\n\n\n\n<div class=\"wp-block-image\"><figure class=\"aligncenter size-large\"><img loading=\"lazy\" decoding=\"async\" width=\"1024\" height=\"683\" src=\"http:\/\/casteljaves.com\/wp-content\/uploads\/2020\/11\/MG_6801-Himalaya-correx-1024x683.jpg\" alt=\"\" class=\"wp-image-152\" srcset=\"https:\/\/casteljaves.com\/wp-content\/uploads\/2020\/11\/MG_6801-Himalaya-correx-1024x683.jpg 1024w, https:\/\/casteljaves.com\/wp-content\/uploads\/2020\/11\/MG_6801-Himalaya-correx-300x200.jpg 300w, https:\/\/casteljaves.com\/wp-content\/uploads\/2020\/11\/MG_6801-Himalaya-correx-768x512.jpg 768w, https:\/\/casteljaves.com\/wp-content\/uploads\/2020\/11\/MG_6801-Himalaya-correx-1536x1024.jpg 1536w, https:\/\/casteljaves.com\/wp-content\/uploads\/2020\/11\/MG_6801-Himalaya-correx-2048x1365.jpg 2048w\" sizes=\"auto, (max-width: 767px) 89vw, (max-width: 1000px) 54vw, (max-width: 1071px) 543px, 580px\" \/><figcaption>Chambre Himalaya<\/figcaption><\/figure><\/div>\n\n\n\n<p>Chambre dans les tons chauds bois\u00e9s, orient\u00e9e est, avec deux lits simple de 90&#215;200 pouvant \u00eatre reli\u00e9s afin d\u2019en faire un lit double et de grandes armoires encastr\u00e9es.&nbsp;<\/p>\n\n\n\n<p>Sous le lit se trouvent \u00e9galement, si n\u00e9cessaire, deux couettes chaudes, qui se clipsent aux existantes.<\/p>\n\n\n\n<p>Les draps sont blancs en coton Percale avec une ligne cr\u00e8me.&nbsp;<\/p>\n\n\n\n<p><em><strong>Canap\u00e9-Lit Salon<\/strong><\/em><\/p>\n\n\n\n<div class=\"wp-block-image\"><figure class=\"aligncenter size-large\"><img loading=\"lazy\" decoding=\"async\" width=\"1024\" height=\"768\" src=\"http:\/\/casteljaves.com\/wp-content\/uploads\/2022\/05\/salon-profil-1024x768.jpeg\" alt=\"\" class=\"wp-image-274\" srcset=\"https:\/\/casteljaves.com\/wp-content\/uploads\/2022\/05\/salon-profil-1024x768.jpeg 1024w, https:\/\/casteljaves.com\/wp-content\/uploads\/2022\/05\/salon-profil-300x225.jpeg 300w, https:\/\/casteljaves.com\/wp-content\/uploads\/2022\/05\/salon-profil-768x576.jpeg 768w, https:\/\/casteljaves.com\/wp-content\/uploads\/2022\/05\/salon-profil-1536x1152.jpeg 1536w, https:\/\/casteljaves.com\/wp-content\/uploads\/2022\/05\/salon-profil-2048x1536.jpeg 2048w\" sizes=\"auto, (max-width: 767px) 89vw, (max-width: 1000px) 54vw, (max-width: 1071px) 543px, 580px\" \/><figcaption>Salon en lin lav\u00e9 blanc<\/figcaption><\/figure><\/div>\n\n\n\n<p>Dans le salon d\u00e9cor\u00e9 de fa\u00e7on indo-chic, Il y a un canap\u00e9-lit trois places dans le salon avec un lit de 150&#215;200 cm, un canap\u00e9 cinq places et tout le confort d\u00e9sir\u00e9<\/p>\n\n\n\n<p>Si vous d\u00e9sirez utiliser ce canap\u00e9-lit, veuillez nous pr\u00e9venir afin que nous le pr\u00e9parions avec les oreillers et les draps ad\u00e9quats, et que nous vous fournissions les sets d\u2019essuies de bain (grand, petit) ainsi que les serviettes de piscine.<\/p>\n\n\n\n<p><strong>Salles de Bains&nbsp;<\/strong><\/p>\n\n\n\n<p><em>Kutch<\/em><\/p>\n\n\n\n<figure class=\"wp-block-image\"><img loading=\"lazy\" decoding=\"async\" width=\"768\" height=\"1024\" src=\"http:\/\/casteljaves.com\/wp-content\/uploads\/2019\/12\/IMG_6102-e1576577813231-768x1024.jpg\" alt=\"\" class=\"wp-image-69\" srcset=\"https:\/\/casteljaves.com\/wp-content\/uploads\/2019\/12\/IMG_6102-e1576577813231-768x1024.jpg 768w, https:\/\/casteljaves.com\/wp-content\/uploads\/2019\/12\/IMG_6102-e1576577813231-225x300.jpg 225w\" sizes=\"auto, (max-width: 767px) 89vw, (max-width: 1000px) 54vw, (max-width: 1071px) 543px, 580px\" \/><\/figure>\n\n\n\n<p>Salle de Bain de la chambre suite parentale.<\/p>\n\n\n\n<p>Salle de bain avec 2 \u00e9viers, une belle baignoire\/douche, un bidet et une toilette.<\/p>\n\n\n\n<h3 class=\"wp-block-heading\"><em>Thar<\/em><\/h3>\n\n\n\n<div class=\"wp-block-image\"><figure class=\"aligncenter\"><img loading=\"lazy\" decoding=\"async\" width=\"768\" height=\"1024\" src=\"http:\/\/casteljaves.com\/wp-content\/uploads\/2019\/12\/IMG_6100-e1576577849734-768x1024.jpg\" alt=\"\" class=\"wp-image-71\" srcset=\"https:\/\/casteljaves.com\/wp-content\/uploads\/2019\/12\/IMG_6100-e1576577849734-768x1024.jpg 768w, https:\/\/casteljaves.com\/wp-content\/uploads\/2019\/12\/IMG_6100-e1576577849734-225x300.jpg 225w\" sizes=\"auto, (max-width: 767px) 89vw, (max-width: 1000px) 54vw, (max-width: 1071px) 543px, 580px\" \/><\/figure><\/div>\n\n\n\n<p>Salle de Bain entre deux chambres.<\/p>\n\n\n\n<p>Salle de bain avec 2 \u00e9viers, une belle baignoire, une grande douche et une toilette.<\/p>\n\n\n\n<p><strong>Salon<\/strong><\/p>\n\n\n\n<figure class=\"wp-block-image size-large\"><img loading=\"lazy\" decoding=\"async\" width=\"1024\" height=\"768\" src=\"http:\/\/casteljaves.com\/wp-content\/uploads\/2022\/05\/Chicha-1024x768.jpeg\" alt=\"\" class=\"wp-image-296\" srcset=\"https:\/\/casteljaves.com\/wp-content\/uploads\/2022\/05\/Chicha-1024x768.jpeg 1024w, https:\/\/casteljaves.com\/wp-content\/uploads\/2022\/05\/Chicha-300x225.jpeg 300w, https:\/\/casteljaves.com\/wp-content\/uploads\/2022\/05\/Chicha-768x576.jpeg 768w, https:\/\/casteljaves.com\/wp-content\/uploads\/2022\/05\/Chicha-1536x1152.jpeg 1536w, https:\/\/casteljaves.com\/wp-content\/uploads\/2022\/05\/Chicha-2048x1536.jpeg 2048w\" sizes=\"auto, (max-width: 767px) 89vw, (max-width: 1000px) 54vw, (max-width: 1071px) 543px, 580px\" \/><\/figure>\n\n\n\n<p>Grand salon avec deux grands canap\u00e9s pouvant accueillir 8 personnes dont l\u2019un est convertible.<\/p>\n\n\n\n<p>T\u00e9l\u00e9vision grand \u00e9cran plat via satellite, connexion Internet via WiFi, contr\u00f4le de la qualit\u00e9 de l&rsquo;air, d\u00e9tections de fum\u00e9e, station m\u00e9t\u00e9o,&#8230;<\/p>\n\n\n\n<figure class=\"wp-block-image size-large\"><img loading=\"lazy\" decoding=\"async\" width=\"1024\" height=\"768\" src=\"http:\/\/casteljaves.com\/wp-content\/uploads\/2022\/05\/salon-coin-ok._3566-1024x768.jpeg\" alt=\"\" class=\"wp-image-288\" srcset=\"https:\/\/casteljaves.com\/wp-content\/uploads\/2022\/05\/salon-coin-ok._3566-1024x768.jpeg 1024w, https:\/\/casteljaves.com\/wp-content\/uploads\/2022\/05\/salon-coin-ok._3566-300x225.jpeg 300w, https:\/\/casteljaves.com\/wp-content\/uploads\/2022\/05\/salon-coin-ok._3566-768x576.jpeg 768w, https:\/\/casteljaves.com\/wp-content\/uploads\/2022\/05\/salon-coin-ok._3566-1536x1152.jpeg 1536w, https:\/\/casteljaves.com\/wp-content\/uploads\/2022\/05\/salon-coin-ok._3566-2048x1536.jpeg 2048w\" sizes=\"auto, (max-width: 767px) 89vw, (max-width: 1000px) 54vw, (max-width: 1071px) 543px, 580px\" \/><figcaption>Salon confortablement \u00e9quip\u00e9<\/figcaption><\/figure>\n\n\n\n<p>Grande baie vitr\u00e9e.<\/p>\n\n\n\n<p><strong>Salle \u00e0 manger<\/strong><\/p>\n\n\n\n<figure class=\"wp-block-image size-large\"><img loading=\"lazy\" decoding=\"async\" width=\"1024\" height=\"768\" src=\"http:\/\/casteljaves.com\/wp-content\/uploads\/2022\/05\/SAM-ok-PL-1024x768.jpeg\" alt=\"\" class=\"wp-image-286\" srcset=\"https:\/\/casteljaves.com\/wp-content\/uploads\/2022\/05\/SAM-ok-PL-1024x768.jpeg 1024w, https:\/\/casteljaves.com\/wp-content\/uploads\/2022\/05\/SAM-ok-PL-300x225.jpeg 300w, https:\/\/casteljaves.com\/wp-content\/uploads\/2022\/05\/SAM-ok-PL-768x576.jpeg 768w, https:\/\/casteljaves.com\/wp-content\/uploads\/2022\/05\/SAM-ok-PL-1536x1152.jpeg 1536w, https:\/\/casteljaves.com\/wp-content\/uploads\/2022\/05\/SAM-ok-PL-2048x1536.jpeg 2048w\" sizes=\"auto, (max-width: 767px) 89vw, (max-width: 1000px) 54vw, (max-width: 1071px) 543px, 580px\" \/><figcaption>Salle \u00e0 Manger avec vue sur le Parc et la mer<\/figcaption><\/figure>\n\n\n\n<p>Salle \u00e0 manger tr\u00e8s lumineuse avec vues sur la r\u00e9serve et la piscine, et grande table pouvant accueillir 8 personnes.<\/p>\n\n\n\n<p><strong>Cuisine<\/strong><\/p>\n\n\n\n<figure class=\"wp-block-image size-large\"><img loading=\"lazy\" decoding=\"async\" width=\"1024\" height=\"768\" src=\"http:\/\/casteljaves.com\/wp-content\/uploads\/2022\/05\/cuisine-ok-1024x768.jpeg\" alt=\"\" class=\"wp-image-295\" srcset=\"https:\/\/casteljaves.com\/wp-content\/uploads\/2022\/05\/cuisine-ok-1024x768.jpeg 1024w, https:\/\/casteljaves.com\/wp-content\/uploads\/2022\/05\/cuisine-ok-300x225.jpeg 300w, https:\/\/casteljaves.com\/wp-content\/uploads\/2022\/05\/cuisine-ok-768x576.jpeg 768w, https:\/\/casteljaves.com\/wp-content\/uploads\/2022\/05\/cuisine-ok-1536x1152.jpeg 1536w, https:\/\/casteljaves.com\/wp-content\/uploads\/2022\/05\/cuisine-ok-2048x1536.jpeg 2048w\" sizes=\"auto, (max-width: 767px) 89vw, (max-width: 1000px) 54vw, (max-width: 1071px) 543px, 580px\" \/><\/figure>\n\n\n\n<p>Belle cuisine ouverte avec 4 plaques vitroc\u00e9ramiques, four, micro-onde, grand r\u00e9frig\u00e9rateur avec cong\u00e9lateur, lave-vaisselle, lave-linge, cafeti\u00e8re, bouilloire \u00e9lectrique,\u2026 services de 12 sets.<\/p>\n","protected":false},"excerpt":{"rendered":"<p>Toutes les fen\u00eatres sont munies de moustiquaires, m\u00eame s\u2019il n\u2019y a pas \u00e9norm\u00e9ment de moustiques, nous vous conseillons de les laisser toujours baiss\u00e9s et de fermer la porte-fen\u00eatre centrale d\u00e8s le d\u00e9but de soir\u00e9e. Chambres&nbsp; A votre arriv\u00e9e, les lits sont faits avec 2 oreillers diff\u00e9rents. Vous trouverez sur chaque lit, les essuies piscine brod\u00e9s &hellip; <\/p>\n<p class=\"link-more\"><a href=\"https:\/\/casteljaves.com\/index.php\/la-vie-au-castel\/\" class=\"more-link\">Continuer la lecture<span class=\"screen-reader-text\"> de &laquo;&nbsp;La Vie au Castel&nbsp;&raquo;<\/span><\/a><\/p>\n","protected":false},"author":1,"featured_media":0,"parent":0,"menu_order":0,"comment_status":"closed","ping_status":"closed","template":"","meta":{"footnotes":""},"class_list":["post-20","page","type-page","status-publish","hentry"],"_links":{"self":[{"href":"https:\/\/casteljaves.com\/index.php\/wp-json\/wp\/v2\/pages\/20","targetHints":{"allow":["GET"]}}],"collection":[{"href":"https:\/\/casteljaves.com\/index.php\/wp-json\/wp\/v2\/pages"}],"about":[{"href":"https:\/\/casteljaves.com\/index.php\/wp-json\/wp\/v2\/types\/page"}],"author":[{"embeddable":true,"href":"https:\/\/casteljaves.com\/index.php\/wp-json\/wp\/v2\/users\/1"}],"replies":[{"embeddable":true,"href":"https:\/\/casteljaves.com\/index.php\/wp-json\/wp\/v2\/comments?post=20"}],"version-history":[{"count":22,"href":"https:\/\/casteljaves.com\/index.php\/wp-json\/wp\/v2\/pages\/20\/revisions"}],"predecessor-version":[{"id":322,"href":"https:\/\/casteljaves.com\/index.php\/wp-json\/wp\/v2\/pages\/20\/revisions\/322"}],"wp:attachment":[{"href":"https:\/\/casteljaves.com\/index.php\/wp-json\/wp\/v2\/media?parent=20"}],"curies":[{"name":"wp","href":"https:\/\/api.w.org\/{rel}","templated":true}]}}