{"id":204,"date":"2021-05-01T09:28:05","date_gmt":"2021-05-01T07:28:05","guid":{"rendered":"http:\/\/casteljaves.com\/?page_id=204"},"modified":"2022-05-03T13:08:00","modified_gmt":"2022-05-03T11:08:00","slug":"vida","status":"publish","type":"page","link":"https:\/\/casteljaves.com\/index.php\/vida\/","title":{"rendered":"La Vida"},"content":{"rendered":"\n<div class=\"wp-block-image\"><figure class=\"aligncenter size-large\"><img loading=\"lazy\" decoding=\"async\" width=\"1024\" height=\"684\" src=\"http:\/\/casteljaves.com\/wp-content\/uploads\/2021\/05\/Cumbre-Grille-sans-numero-Correx-1024x684.jpg\" alt=\"\" class=\"wp-image-249\" srcset=\"https:\/\/casteljaves.com\/wp-content\/uploads\/2021\/05\/Cumbre-Grille-sans-numero-Correx-1024x684.jpg 1024w, https:\/\/casteljaves.com\/wp-content\/uploads\/2021\/05\/Cumbre-Grille-sans-numero-Correx-300x200.jpg 300w, https:\/\/casteljaves.com\/wp-content\/uploads\/2021\/05\/Cumbre-Grille-sans-numero-Correx-768x513.jpg 768w, https:\/\/casteljaves.com\/wp-content\/uploads\/2021\/05\/Cumbre-Grille-sans-numero-Correx-1536x1026.jpg 1536w, https:\/\/casteljaves.com\/wp-content\/uploads\/2021\/05\/Cumbre-Grille-sans-numero-Correx-2048x1368.jpg 2048w\" sizes=\"auto, (max-width: 767px) 89vw, (max-width: 1000px) 54vw, (max-width: 1071px) 543px, 580px\" \/><figcaption><em>Puerta de entrada<\/em><\/figcaption><\/figure><\/div>\n\n\n\n<p><\/p>\n\n\n\n<p>Todas las ventanas est\u00e1n equipadas con mosquiteras, aunque no haya muchos mosquitos, le aconsejamos que las deje bajadas en todo momento y que cierre la ventana francesa central a primera hora de la noche.<\/p>\n\n\n\n<p class=\"has-medium-font-size\"><strong>Habitaciones<\/strong><\/p>\n\n\n\n<p>A la llegada, las camas est\u00e1n preparadas con 2 almohadas diferentes. Encontrar\u00e1 toallas de piscina bordadas y un juego de 2 toallas de ducha bordadas por persona (una grande y otra peque\u00f1a) en cada cama.                      Si tienes el pelo te\u00f1ido, utiliza las toallas viejas de los armarios del ba\u00f1o.<\/p>\n\n\n\n<p>Si te quedas una semana, ponemos a tu disposici\u00f3n una lavadora y una secadora. Si te quedas 2 semanas o m\u00e1s, no dudes en pedir a nuestras se\u00f1oras de la limpieza.<\/p>\n\n\n\n<p><em><strong>Kerala<\/strong><\/em><\/p>\n\n\n\n<div class=\"wp-block-image\"><figure class=\"aligncenter size-large\"><img loading=\"lazy\" decoding=\"async\" width=\"1024\" height=\"683\" src=\"http:\/\/casteljaves.com\/wp-content\/uploads\/2020\/11\/MG_6980-kerala-correx-1-1024x683.jpg\" alt=\"\" class=\"wp-image-150\" srcset=\"https:\/\/casteljaves.com\/wp-content\/uploads\/2020\/11\/MG_6980-kerala-correx-1-1024x683.jpg 1024w, https:\/\/casteljaves.com\/wp-content\/uploads\/2020\/11\/MG_6980-kerala-correx-1-300x200.jpg 300w, https:\/\/casteljaves.com\/wp-content\/uploads\/2020\/11\/MG_6980-kerala-correx-1-768x512.jpg 768w, https:\/\/casteljaves.com\/wp-content\/uploads\/2020\/11\/MG_6980-kerala-correx-1-1536x1024.jpg 1536w, https:\/\/casteljaves.com\/wp-content\/uploads\/2020\/11\/MG_6980-kerala-correx-1-2048x1365.jpg 2048w\" sizes=\"auto, (max-width: 767px) 89vw, (max-width: 1000px) 54vw, (max-width: 1071px) 543px, 580px\" \/><figcaption>Dormitorio de la Suite Kerala<\/figcaption><\/figure><\/div>\n\n\n\n<p>Suite principal orientada al oeste en tonos blancos con una cama doble de 180\u00d7200 y que se beneficia de armarios empotrados, un peque\u00f1o sal\u00f3n de noche y un gran ba\u00f1o en suite.<\/p>\n\n\n\n<p><em><strong>Ja\u00efpur<\/strong><\/em><\/p>\n\n\n\n<div class=\"wp-block-image\"><figure class=\"aligncenter size-large\"><img loading=\"lazy\" decoding=\"async\" width=\"1024\" height=\"683\" src=\"http:\/\/casteljaves.com\/wp-content\/uploads\/2020\/11\/MG_6946-correx-1024x683.jpg\" alt=\"\" class=\"wp-image-167\" srcset=\"https:\/\/casteljaves.com\/wp-content\/uploads\/2020\/11\/MG_6946-correx-1024x683.jpg 1024w, https:\/\/casteljaves.com\/wp-content\/uploads\/2020\/11\/MG_6946-correx-300x200.jpg 300w, https:\/\/casteljaves.com\/wp-content\/uploads\/2020\/11\/MG_6946-correx-768x512.jpg 768w, https:\/\/casteljaves.com\/wp-content\/uploads\/2020\/11\/MG_6946-correx-1536x1024.jpg 1536w, https:\/\/casteljaves.com\/wp-content\/uploads\/2020\/11\/MG_6946-correx-2048x1365.jpg 2048w\" sizes=\"auto, (max-width: 767px) 89vw, (max-width: 1000px) 54vw, (max-width: 1071px) 543px, 580px\" \/><figcaption>Habitaci\u00f3n Ja\u00efpur<\/figcaption><\/figure><\/div>\n\n\n\n<p>Amplia habitaci\u00f3n en tonos nacarados plateados, orientada al norte, con dos camas individuales de 90&#215;200 que pueden unirse para hacer una cama doble, y grandes armarios empotrados.&nbsp;<\/p>\n\n\n\n<p>Les draps sont blancs en coton Percale avec une ligne grise.&nbsp;<\/p>\n\n\n\n<p><em><strong>Himalaya<\/strong><\/em><\/p>\n\n\n\n<div class=\"wp-block-image\"><figure class=\"aligncenter size-large\"><img loading=\"lazy\" decoding=\"async\" width=\"1024\" height=\"683\" src=\"http:\/\/casteljaves.com\/wp-content\/uploads\/2020\/11\/MG_6801-Himalaya-correx-1024x683.jpg\" alt=\"\" class=\"wp-image-152\" srcset=\"https:\/\/casteljaves.com\/wp-content\/uploads\/2020\/11\/MG_6801-Himalaya-correx-1024x683.jpg 1024w, https:\/\/casteljaves.com\/wp-content\/uploads\/2020\/11\/MG_6801-Himalaya-correx-300x200.jpg 300w, https:\/\/casteljaves.com\/wp-content\/uploads\/2020\/11\/MG_6801-Himalaya-correx-768x512.jpg 768w, https:\/\/casteljaves.com\/wp-content\/uploads\/2020\/11\/MG_6801-Himalaya-correx-1536x1024.jpg 1536w, https:\/\/casteljaves.com\/wp-content\/uploads\/2020\/11\/MG_6801-Himalaya-correx-2048x1365.jpg 2048w\" sizes=\"auto, (max-width: 767px) 89vw, (max-width: 1000px) 54vw, (max-width: 1071px) 543px, 580px\" \/><figcaption><em>Habitaci\u00f3n<\/em> Himalaya<\/figcaption><\/figure><\/div>\n\n\n\n<p>Esta habitaci\u00f3n orientada al este en tonos c\u00e1lidos de madera tiene dos camas individuales de 90\u00d7200 que se pueden conectar para hacer una cama doble y grandes armarios empotrados.<\/p>\n\n\n\n<p>Debajo de la cama tambi\u00e9n hay dos edredones calientes, si se necesitan, que se enganchan a los existentes.<\/p>\n\n\n\n<p>Las s\u00e1banas son de percal de algod\u00f3n blanco con una l\u00ednea de color crema.<\/p>\n\n\n\n<p><em><strong>Sof\u00e1-cama del sal\u00f3n<\/strong><\/em><\/p>\n\n\n\n<div class=\"wp-block-image\"><figure class=\"aligncenter size-large\"><img loading=\"lazy\" decoding=\"async\" width=\"1024\" height=\"768\" src=\"http:\/\/casteljaves.com\/wp-content\/uploads\/2022\/05\/salon-profil-1024x768.jpeg\" alt=\"\" class=\"wp-image-274\" srcset=\"https:\/\/casteljaves.com\/wp-content\/uploads\/2022\/05\/salon-profil-1024x768.jpeg 1024w, https:\/\/casteljaves.com\/wp-content\/uploads\/2022\/05\/salon-profil-300x225.jpeg 300w, https:\/\/casteljaves.com\/wp-content\/uploads\/2022\/05\/salon-profil-768x576.jpeg 768w, https:\/\/casteljaves.com\/wp-content\/uploads\/2022\/05\/salon-profil-1536x1152.jpeg 1536w, https:\/\/casteljaves.com\/wp-content\/uploads\/2022\/05\/salon-profil-2048x1536.jpeg 2048w\" sizes=\"auto, (max-width: 767px) 89vw, (max-width: 1000px) 54vw, (max-width: 1071px) 543px, 580px\" \/><figcaption>Sala de estar con ropa blanca lavada<\/figcaption><\/figure><\/div>\n\n\n\n<p>En el sal\u00f3n decorado de forma indo-chic, hay un sof\u00e1-cama de tres plazas en la sala de estar con una cama de 150\u00d7200 cm, un sof\u00e1 de cinco plazas y todo el confort que desee.<\/p>\n\n\n\n<p>Si desea utilizar este sof\u00e1 cama, le rogamos que nos lo comunique para que podamos prepararlo con las almohadas y s\u00e1banas adecuadas, y proporcionarle juegos de toallas de ba\u00f1o (grandes y peque\u00f1as) y de piscina.<\/p>\n\n\n\n<p><strong>Ba\u00f1os<\/strong><\/p>\n\n\n\n<p><em>Kutch<\/em><\/p>\n\n\n\n<figure class=\"wp-block-image\"><img loading=\"lazy\" decoding=\"async\" width=\"768\" height=\"1024\" src=\"http:\/\/casteljaves.com\/wp-content\/uploads\/2019\/12\/IMG_6102-e1576577813231-768x1024.jpg\" alt=\"\" class=\"wp-image-69\" srcset=\"https:\/\/casteljaves.com\/wp-content\/uploads\/2019\/12\/IMG_6102-e1576577813231-768x1024.jpg 768w, https:\/\/casteljaves.com\/wp-content\/uploads\/2019\/12\/IMG_6102-e1576577813231-225x300.jpg 225w\" sizes=\"auto, (max-width: 767px) 89vw, (max-width: 1000px) 54vw, (max-width: 1071px) 543px, 580px\" \/><\/figure>\n\n\n\n<p>Ba\u00f1o del dormitorio principal.<\/p>\n\n\n\n<p>Cuarto de ba\u00f1o con 2 lavabos, una hermosa ba\u00f1era\/ducha, un bid\u00e9 y un inodoro.<\/p>\n\n\n\n<h3 class=\"wp-block-heading\"><em>Thar<\/em><\/h3>\n\n\n\n<div class=\"wp-block-image\"><figure class=\"aligncenter\"><img loading=\"lazy\" decoding=\"async\" width=\"768\" height=\"1024\" src=\"http:\/\/casteljaves.com\/wp-content\/uploads\/2019\/12\/IMG_6100-e1576577849734-768x1024.jpg\" alt=\"\" class=\"wp-image-71\" srcset=\"https:\/\/casteljaves.com\/wp-content\/uploads\/2019\/12\/IMG_6100-e1576577849734-768x1024.jpg 768w, https:\/\/casteljaves.com\/wp-content\/uploads\/2019\/12\/IMG_6100-e1576577849734-225x300.jpg 225w\" sizes=\"auto, (max-width: 767px) 89vw, (max-width: 1000px) 54vw, (max-width: 1071px) 543px, 580px\" \/><\/figure><\/div>\n\n\n\n<p>Ba\u00f1o entre dos dormitorios.<\/p>\n\n\n\n<p>Cuarto de ba\u00f1o con 2 lavabos, una hermosa ba\u00f1era, una gran ducha y un aseo.<\/p>\n\n\n\n<p><strong>Salon<\/strong><\/p>\n\n\n\n<figure class=\"wp-block-image size-large\"><img loading=\"lazy\" decoding=\"async\" width=\"1024\" height=\"768\" src=\"http:\/\/casteljaves.com\/wp-content\/uploads\/2022\/05\/Chicha-1024x768.jpeg\" alt=\"\" class=\"wp-image-296\" srcset=\"https:\/\/casteljaves.com\/wp-content\/uploads\/2022\/05\/Chicha-1024x768.jpeg 1024w, https:\/\/casteljaves.com\/wp-content\/uploads\/2022\/05\/Chicha-300x225.jpeg 300w, https:\/\/casteljaves.com\/wp-content\/uploads\/2022\/05\/Chicha-768x576.jpeg 768w, https:\/\/casteljaves.com\/wp-content\/uploads\/2022\/05\/Chicha-1536x1152.jpeg 1536w, https:\/\/casteljaves.com\/wp-content\/uploads\/2022\/05\/Chicha-2048x1536.jpeg 2048w\" sizes=\"auto, (max-width: 767px) 89vw, (max-width: 1000px) 54vw, (max-width: 1071px) 543px, 580px\" \/><\/figure>\n\n\n\n<p>Amplio sal\u00f3n con dos grandes sof\u00e1s para 8 personas, uno de ellos convertible.<\/p>\n\n\n\n<figure class=\"wp-block-image size-large\"><img loading=\"lazy\" decoding=\"async\" width=\"1024\" height=\"768\" src=\"http:\/\/casteljaves.com\/wp-content\/uploads\/2022\/05\/salon-coin-ok._3566-1024x768.jpeg\" alt=\"\" class=\"wp-image-288\" srcset=\"https:\/\/casteljaves.com\/wp-content\/uploads\/2022\/05\/salon-coin-ok._3566-1024x768.jpeg 1024w, https:\/\/casteljaves.com\/wp-content\/uploads\/2022\/05\/salon-coin-ok._3566-300x225.jpeg 300w, https:\/\/casteljaves.com\/wp-content\/uploads\/2022\/05\/salon-coin-ok._3566-768x576.jpeg 768w, https:\/\/casteljaves.com\/wp-content\/uploads\/2022\/05\/salon-coin-ok._3566-1536x1152.jpeg 1536w, https:\/\/casteljaves.com\/wp-content\/uploads\/2022\/05\/salon-coin-ok._3566-2048x1536.jpeg 2048w\" sizes=\"auto, (max-width: 767px) 89vw, (max-width: 1000px) 54vw, (max-width: 1071px) 543px, 580px\" \/><figcaption>Sal\u00f3n c\u00f3modamente equipado<\/figcaption><\/figure>\n\n\n\n<p>Televisi\u00f3n de pantalla plana grande v\u00eda sat\u00e9lite, conexi\u00f3n a Internet v\u00eda WiFi, control de calidad del aire, detectores de humo, estaci\u00f3n meteorol\u00f3gica,\u2026<\/p>\n\n\n\n<p>Gran ventanal.<\/p>\n\n\n\n<p><strong>Comedor<\/strong><\/p>\n\n\n\n<figure class=\"wp-block-image size-large\"><img loading=\"lazy\" decoding=\"async\" width=\"1024\" height=\"768\" src=\"http:\/\/casteljaves.com\/wp-content\/uploads\/2022\/05\/SAM-ok-PL-1024x768.jpeg\" alt=\"\" class=\"wp-image-286\" srcset=\"https:\/\/casteljaves.com\/wp-content\/uploads\/2022\/05\/SAM-ok-PL-1024x768.jpeg 1024w, https:\/\/casteljaves.com\/wp-content\/uploads\/2022\/05\/SAM-ok-PL-300x225.jpeg 300w, https:\/\/casteljaves.com\/wp-content\/uploads\/2022\/05\/SAM-ok-PL-768x576.jpeg 768w, https:\/\/casteljaves.com\/wp-content\/uploads\/2022\/05\/SAM-ok-PL-1536x1152.jpeg 1536w, https:\/\/casteljaves.com\/wp-content\/uploads\/2022\/05\/SAM-ok-PL-2048x1536.jpeg 2048w\" sizes=\"auto, (max-width: 767px) 89vw, (max-width: 1000px) 54vw, (max-width: 1071px) 543px, 580px\" \/><figcaption>Comedor con vistas al parque y al mar<\/figcaption><\/figure>\n\n\n\n<p>Comedor muy luminoso con vistas a la reserva y a la piscina, y una gran mesa para 8 personas.<\/p>\n\n\n\n<p><strong>Cocina<\/strong><\/p>\n\n\n\n<figure class=\"wp-block-image size-large\"><img loading=\"lazy\" decoding=\"async\" width=\"1024\" height=\"768\" src=\"http:\/\/casteljaves.com\/wp-content\/uploads\/2022\/05\/cuisine-ok-1024x768.jpeg\" alt=\"\" class=\"wp-image-295\" srcset=\"https:\/\/casteljaves.com\/wp-content\/uploads\/2022\/05\/cuisine-ok-1024x768.jpeg 1024w, https:\/\/casteljaves.com\/wp-content\/uploads\/2022\/05\/cuisine-ok-300x225.jpeg 300w, https:\/\/casteljaves.com\/wp-content\/uploads\/2022\/05\/cuisine-ok-768x576.jpeg 768w, https:\/\/casteljaves.com\/wp-content\/uploads\/2022\/05\/cuisine-ok-1536x1152.jpeg 1536w, https:\/\/casteljaves.com\/wp-content\/uploads\/2022\/05\/cuisine-ok-2048x1536.jpeg 2048w\" sizes=\"auto, (max-width: 767px) 89vw, (max-width: 1000px) 54vw, (max-width: 1071px) 543px, 580px\" \/><\/figure>\n\n\n\n<p>Bonita cocina abierta con 4 placas de vitrocer\u00e1mica, horno, microondas, gran nevera con congelador, lavavajillas, lavadora, cafetera, hervidor el\u00e9ctrico,\u2026 servicios para 12 personas.<\/p>\n","protected":false},"excerpt":{"rendered":"<p>Todas las ventanas est\u00e1n equipadas con mosquiteras, aunque no haya muchos mosquitos, le aconsejamos que las deje bajadas en todo momento y que cierre la ventana francesa central a primera hora de la noche. Habitaciones A la llegada, las camas est\u00e1n preparadas con 2 almohadas diferentes. Encontrar\u00e1 toallas de piscina bordadas y un juego de &hellip; <\/p>\n<p class=\"link-more\"><a href=\"https:\/\/casteljaves.com\/index.php\/vida\/\" class=\"more-link\">Continuer la lecture<span class=\"screen-reader-text\"> de &laquo;&nbsp;La Vida&nbsp;&raquo;<\/span><\/a><\/p>\n","protected":false},"author":1,"featured_media":0,"parent":0,"menu_order":0,"comment_status":"closed","ping_status":"closed","template":"","meta":{"footnotes":""},"class_list":["post-204","page","type-page","status-publish","hentry"],"_links":{"self":[{"href":"https:\/\/casteljaves.com\/index.php\/wp-json\/wp\/v2\/pages\/204","targetHints":{"allow":["GET"]}}],"collection":[{"href":"https:\/\/casteljaves.com\/index.php\/wp-json\/wp\/v2\/pages"}],"about":[{"href":"https:\/\/casteljaves.com\/index.php\/wp-json\/wp\/v2\/types\/page"}],"author":[{"embeddable":true,"href":"https:\/\/casteljaves.com\/index.php\/wp-json\/wp\/v2\/users\/1"}],"replies":[{"embeddable":true,"href":"https:\/\/casteljaves.com\/index.php\/wp-json\/wp\/v2\/comments?post=204"}],"version-history":[{"count":8,"href":"https:\/\/casteljaves.com\/index.php\/wp-json\/wp\/v2\/pages\/204\/revisions"}],"predecessor-version":[{"id":323,"href":"https:\/\/casteljaves.com\/index.php\/wp-json\/wp\/v2\/pages\/204\/revisions\/323"}],"wp:attachment":[{"href":"https:\/\/casteljaves.com\/index.php\/wp-json\/wp\/v2\/media?parent=204"}],"curies":[{"name":"wp","href":"https:\/\/api.w.org\/{rel}","templated":true}]}}