{"id":207,"date":"2021-05-01T09:28:58","date_gmt":"2021-05-01T07:28:58","guid":{"rendered":"http:\/\/casteljaves.com\/?page_id=207"},"modified":"2022-05-03T12:46:03","modified_gmt":"2022-05-03T10:46:03","slug":"rutas","status":"publish","type":"page","link":"https:\/\/casteljaves.com\/index.php\/rutas\/","title":{"rendered":"Rutas"},"content":{"rendered":"\n<figure class=\"wp-block-image\"><img loading=\"lazy\" decoding=\"async\" width=\"1024\" height=\"768\" src=\"http:\/\/casteljaves.com\/wp-content\/uploads\/2019\/12\/IMG_2559-1024x768.jpg\" alt=\"\" class=\"wp-image-73\" srcset=\"https:\/\/casteljaves.com\/wp-content\/uploads\/2019\/12\/IMG_2559-1024x768.jpg 1024w, https:\/\/casteljaves.com\/wp-content\/uploads\/2019\/12\/IMG_2559-300x225.jpg 300w, https:\/\/casteljaves.com\/wp-content\/uploads\/2019\/12\/IMG_2559-768x576.jpg 768w\" sizes=\"auto, (max-width: 767px) 89vw, (max-width: 1000px) 54vw, (max-width: 1071px) 543px, 580px\" \/><figcaption>Las rutas de senderismo de la reserva de la Granadella<\/figcaption><\/figure>\n\n\n\n<p><strong>Desde Alicante\u2026+\/- 1h<\/strong><\/p>\n\n\n\n<p>Para llegar al \u2018Castel JAVES\u2019,&nbsp;<\/p>\n\n\n\n<ul class=\"wp-block-list\"><li>autopista A7 en direcci\u00f3n a Valencia,<\/li><li>+\/- 80 kil\u00f3metros,&nbsp;<\/li><li>salida 63, Benissa-Teulada-Gata de Gorgos&nbsp;<\/li><li>y luego la direcci\u00f3n de Teulada,&nbsp;<\/li><li>luego direcci\u00f3n Benitachell,&nbsp;<\/li><li>atravesar Benitachell manteni\u00e9ndose a la derecha<\/li><li>en el \u00faltimo sem\u00e1foro despu\u00e9s de salir de Benitachell, gire a la derecha hacia Cumbre del Sol,<\/li><li>siga recto hasta llegar a la entrada norte de la urbanizaci\u00f3n Cumbre del Sol,<\/li><li>el resto se le enviar\u00e1 cuando reserve\u2026&nbsp;<\/li><\/ul>\n\n\n\n<p>\u00a1Ya casi est\u00e1s ah\u00ed!<br><br><\/p>\n\n\n\n<p><strong>Desde Valencia\u2026+\/- 1h15<\/strong><\/p>\n\n\n\n<p>Para llegar al \u2018Castel JAVES\u2019,&nbsp;<\/p>\n\n\n\n<ul class=\"wp-block-list\"><li>autopista A7 en direcci\u00f3n a Alicante &#8211; Alacant,&nbsp;<\/li><li>+\/-&nbsp; 100 kil\u00f3metros,&nbsp;<\/li><li>salida 62, Ondara-Denia-Javea&nbsp;<\/li><li>N332 direcci\u00f3n Javea (+\/- 5km)<\/li><li>salida CV 734 hacia Javea (6,5 km)<\/li><li>en la rotonda (escultura) salir a Benitachell,<\/li><li>en el sem\u00e1foro de entrada a Benitachell, despu\u00e9s del Masymas, gire a la izquierda hacia Cumbre del Sol,<\/li><li>siga siempre recto hasta la entrada norte de la &lsquo;Urbanizaci\u00f3n Cumbre del Sol&rsquo;,<\/li><li>el resto se le enviar\u00e1 cuando reserve\u2026<\/li><\/ul>\n\n\n\n<p>\u00a1Ya casi est\u00e1s ah\u00ed!<\/p>\n\n\n\n<figure class=\"wp-block-image size-large\"><img loading=\"lazy\" decoding=\"async\" width=\"1024\" height=\"780\" src=\"http:\/\/casteljaves.com\/wp-content\/uploads\/2022\/05\/Carte-cumbre-del-Sol-1024x780.jpg\" alt=\"\" class=\"wp-image-297\" srcset=\"https:\/\/casteljaves.com\/wp-content\/uploads\/2022\/05\/Carte-cumbre-del-Sol-1024x780.jpg 1024w, https:\/\/casteljaves.com\/wp-content\/uploads\/2022\/05\/Carte-cumbre-del-Sol-300x229.jpg 300w, https:\/\/casteljaves.com\/wp-content\/uploads\/2022\/05\/Carte-cumbre-del-Sol-768x585.jpg 768w, https:\/\/casteljaves.com\/wp-content\/uploads\/2022\/05\/Carte-cumbre-del-Sol-1536x1171.jpg 1536w, https:\/\/casteljaves.com\/wp-content\/uploads\/2022\/05\/Carte-cumbre-del-Sol.jpg 1757w\" sizes=\"auto, (max-width: 767px) 89vw, (max-width: 1000px) 54vw, (max-width: 1071px) 543px, 580px\" \/><\/figure>\n","protected":false},"excerpt":{"rendered":"<p>Desde Alicante\u2026+\/- 1h Para llegar al \u2018Castel JAVES\u2019,&nbsp; autopista A7 en direcci\u00f3n a Valencia, +\/- 80 kil\u00f3metros,&nbsp; salida 63, Benissa-Teulada-Gata de Gorgos&nbsp; y luego la direcci\u00f3n de Teulada,&nbsp; luego direcci\u00f3n Benitachell,&nbsp; atravesar Benitachell manteni\u00e9ndose a la derecha en el \u00faltimo sem\u00e1foro despu\u00e9s de salir de Benitachell, gire a la derecha hacia Cumbre del Sol, siga &hellip; <\/p>\n<p class=\"link-more\"><a href=\"https:\/\/casteljaves.com\/index.php\/rutas\/\" class=\"more-link\">Continuer la lecture<span class=\"screen-reader-text\"> de &laquo;&nbsp;Rutas&nbsp;&raquo;<\/span><\/a><\/p>\n","protected":false},"author":1,"featured_media":0,"parent":0,"menu_order":0,"comment_status":"closed","ping_status":"closed","template":"","meta":{"footnotes":""},"class_list":["post-207","page","type-page","status-publish","hentry"],"_links":{"self":[{"href":"https:\/\/casteljaves.com\/index.php\/wp-json\/wp\/v2\/pages\/207","targetHints":{"allow":["GET"]}}],"collection":[{"href":"https:\/\/casteljaves.com\/index.php\/wp-json\/wp\/v2\/pages"}],"about":[{"href":"https:\/\/casteljaves.com\/index.php\/wp-json\/wp\/v2\/types\/page"}],"author":[{"embeddable":true,"href":"https:\/\/casteljaves.com\/index.php\/wp-json\/wp\/v2\/users\/1"}],"replies":[{"embeddable":true,"href":"https:\/\/casteljaves.com\/index.php\/wp-json\/wp\/v2\/comments?post=207"}],"version-history":[{"count":4,"href":"https:\/\/casteljaves.com\/index.php\/wp-json\/wp\/v2\/pages\/207\/revisions"}],"predecessor-version":[{"id":311,"href":"https:\/\/casteljaves.com\/index.php\/wp-json\/wp\/v2\/pages\/207\/revisions\/311"}],"wp:attachment":[{"href":"https:\/\/casteljaves.com\/index.php\/wp-json\/wp\/v2\/media?parent=207"}],"curies":[{"name":"wp","href":"https:\/\/api.w.org\/{rel}","templated":true}]}}